{"id":38,"date":"2021-04-06T14:22:05","date_gmt":"2021-04-06T12:22:05","guid":{"rendered":"https:\/\/stauss.ch\/wordpress\/?page_id=38"},"modified":"2025-12-28T20:10:27","modified_gmt":"2025-12-28T19:10:27","slug":"startseite","status":"publish","type":"page","link":"https:\/\/stauss.ch\/en\/","title":{"rendered":"NIKLAUS STAUSS"},"content":{"rendered":"<div class=\"wp-block-group\"><div class=\"wp-block-group__inner-container is-layout-flow wp-block-group-is-layout-flow\">\n<p class=\"has-medium-font-size\">Photographic documentation in the archival sense since 1961, regardless of popularity. Cooperation with visual artists, dancers, actors, directors, singers, writers, musicians, filmmakers and photographers, in the closest relation to the respective exhibition, work and environment.<br><br>Continuity in accompanying the development phases of artists and artist groups beyond the emphasis on individual projects.<\/p>\n\n\n\n<p class=\"has-small-font-size\">\u00a9 2017, photo \u00abPortrait: Niklaus Stauss\u00bb from Katharina L\u00fctscher<\/p>\n<\/div><\/div>\n\n\n\n<div class=\"wp-block-group\"><div class=\"wp-block-group__inner-container is-layout-flow wp-block-group-is-layout-flow\"><\/div><\/div>\n\n\n\n<p><\/p>","protected":false},"excerpt":{"rendered":"<p>Seit 1961 fotografisches Dokumentieren im archivierendem Sinn, unabh\u00e4ngig vom Popularit\u00e4tswert. Zusammenarbeit mit bildenden K\u00fcnstlern, T\u00e4nzern, Schauspielern, Regisseuren, S\u00e4ngern, Schriftstellern, Musikern, Filmern und Fotografen, im engsten Bezug zum jeweiligen Anlass, Werk und Umfeld. Kontinuit\u00e4t im Begleiten der Entwicklungsphasen von K\u00fcnstlern und K\u00fcnstler-Gruppen \u00fcber die Betonung von Einzelprojekten hinaus. \u00a9 2017, Foto \u00abPortrait: Niklaus Stauss\u00bb von Katharina &hellip; <\/p>\n<p class=\"link-more\"><a href=\"https:\/\/stauss.ch\/en\/\" class=\"more-link\">Continue reading<span class=\"screen-reader-text\"> &#171;NIKLAUS STAUSS&#187;<\/span><\/a><\/p>","protected":false},"author":2,"featured_media":9206,"parent":0,"menu_order":0,"comment_status":"closed","ping_status":"closed","template":"","meta":{"footnotes":""},"class_list":["post-38","page","type-page","status-publish","has-post-thumbnail","hentry"],"_links":{"self":[{"href":"https:\/\/stauss.ch\/en\/wp-json\/wp\/v2\/pages\/38","targetHints":{"allow":["GET"]}}],"collection":[{"href":"https:\/\/stauss.ch\/en\/wp-json\/wp\/v2\/pages"}],"about":[{"href":"https:\/\/stauss.ch\/en\/wp-json\/wp\/v2\/types\/page"}],"author":[{"embeddable":true,"href":"https:\/\/stauss.ch\/en\/wp-json\/wp\/v2\/users\/2"}],"replies":[{"embeddable":true,"href":"https:\/\/stauss.ch\/en\/wp-json\/wp\/v2\/comments?post=38"}],"version-history":[{"count":0,"href":"https:\/\/stauss.ch\/en\/wp-json\/wp\/v2\/pages\/38\/revisions"}],"wp:featuredmedia":[{"embeddable":true,"href":"https:\/\/stauss.ch\/en\/wp-json\/wp\/v2\/media\/9206"}],"wp:attachment":[{"href":"https:\/\/stauss.ch\/en\/wp-json\/wp\/v2\/media?parent=38"}],"curies":[{"name":"wp","href":"https:\/\/api.w.org\/{rel}","templated":true}]}}